{"id":720,"date":"2015-03-27T11:31:55","date_gmt":"2015-03-27T11:31:55","guid":{"rendered":"http:\/\/aliagaabogados.com\/?page_id=720&#038;lang=en"},"modified":"2021-05-20T07:20:51","modified_gmt":"2021-05-20T07:20:51","slug":"filosofia","status":"publish","type":"page","link":"https:\/\/aliagaabogados.com\/en\/filosofia\/","title":{"rendered":"Filosof\u00eda"},"content":{"rendered":"<div class=\"fusion-fullwidth fullwidth-box fusion-builder-row-1 nonhundred-percent-fullwidth non-hundred-percent-height-scrolling\" style=\"background-color: rgba(255,255,255,0);background-position: left top;background-repeat: no-repeat;padding-top:20px;padding-right:0px;padding-bottom:20px;padding-left:0px;margin-bottom: 0px;margin-top: 0px;border-width: 0px 0px 0px 0px;border-color:#eae9e9;border-style:solid;\" ><div class=\"fusion-builder-row fusion-row\"><div class=\"fusion-layout-column fusion_builder_column fusion-builder-column-0 fusion_builder_column_1_2 1_2 fusion-one-half fusion-column-first\" style=\"width:48%; margin-right: 4%;margin-top:0px;margin-bottom:20px;\"><div class=\"fusion-column-wrapper fusion-flex-column-wrapper-legacy\" style=\"background-position:left top;background-repeat:no-repeat;-webkit-background-size:cover;-moz-background-size:cover;-o-background-size:cover;background-size:cover;padding: 0px 0px 0px 0px;\">\n<div class=\"fusion-slider-revolution rev_slider_wrapper\">\t\t\t<!-- START Filosofia REVOLUTION SLIDER 6.5.14 --><p class=\"rs-p-wp-fix\"><\/p>\n\t\t\t<rs-module-wrap id=\"rev_slider_3_1_wrapper\" data-source=\"gallery\" style=\"visibility:hidden;background:#E9E9E9;padding:0;margin:0px auto;margin-top:0;margin-bottom:0;\">\n\t\t\t\t<rs-module id=\"rev_slider_3_1\" style=\"\" data-version=\"6.5.14\">\n\t\t\t\t\t<rs-slides>\n\t\t\t\t\t\t<rs-slide style=\"position: absolute;\" data-key=\"rs-34\" data-title=\"Slide\" data-in=\"prst:rndany;o:-0.5;sx:1.6;sy:1.6;e:power0.inOut;\" data-out=\"o:0;sx:0.6;sy:0.6;\">\n\t\t\t\t\t\t\t<img decoding=\"async\" src=\"\/\/aliagaabogados.com\/wp-content\/plugins\/revslider\/public\/assets\/assets\/dummy.png\" alt=\"\" title=\"Filosof\u00eda\" class=\"rev-slidebg tp-rs-img rs-lazyload\" data-lazyload=\"\/\/aliagaabogados.com\/wp-content\/uploads\/2015\/10\/IMG_1842.jpg\" data-bg=\"p:center top;\" data-panzoom=\"d:9000;ss:100;se:100;\" data-no-retina>\n<!---->\t\t\t\t\t\t<\/rs-slide>\n\t\t\t\t\t\t<rs-slide style=\"position: absolute;\" data-key=\"rs-32\" data-title=\"Slide\" data-anim=\"e:slidingoverlay;ms:2000;\" data-in=\"prst:rndany;y:100%;\">\n\t\t\t\t\t\t\t<img decoding=\"async\" src=\"\/\/aliagaabogados.com\/wp-content\/plugins\/revslider\/public\/assets\/assets\/dummy.png\" alt=\"\" title=\"Filosof\u00eda\" class=\"rev-slidebg tp-rs-img rs-lazyload\" data-lazyload=\"\/\/aliagaabogados.com\/wp-content\/uploads\/2015\/10\/IMG_1792.jpg\" data-bg=\"p:center top;\" data-panzoom=\"d:9000;ss:100;se:100;\" data-no-retina>\n<!---->\t\t\t\t\t\t<\/rs-slide>\n\t\t\t\t\t\t<rs-slide style=\"position: absolute;\" data-key=\"rs-28\" data-title=\"Slide\" data-anim=\"ms:2000;\" data-in=\"prst:rndany;o:0;\" data-out=\"a:false;\" data-d3=\"f:cube;d:vertical;z:600;t:40;su:true;\">\n\t\t\t\t\t\t\t<img decoding=\"async\" src=\"\/\/aliagaabogados.com\/wp-content\/plugins\/revslider\/public\/assets\/assets\/dummy.png\" alt=\"\" title=\"Filosof\u00eda\" class=\"rev-slidebg tp-rs-img rs-lazyload\" data-lazyload=\"\/\/aliagaabogados.com\/wp-content\/uploads\/2015\/10\/IMG_1958.jpg\" data-bg=\"p:center top;\" data-panzoom=\"d:9000;ss:100;se:100;\" data-no-retina>\n<!---->\t\t\t\t\t\t<\/rs-slide>\n\t\t\t\t\t\t<rs-slide style=\"position: absolute;\" data-key=\"rs-29\" data-title=\"Slide\" data-anim=\"o:outin;\" data-in=\"prst:rndany;o:0;sx:0.85;sy:0.85;\" data-out=\"x:(100%);\">\n\t\t\t\t\t\t\t<img decoding=\"async\" src=\"\/\/aliagaabogados.com\/wp-content\/plugins\/revslider\/public\/assets\/assets\/dummy.png\" alt=\"\" title=\"Filosof\u00eda\" class=\"rev-slidebg tp-rs-img rs-lazyload\" data-lazyload=\"\/\/aliagaabogados.com\/wp-content\/uploads\/2015\/10\/IMG_1765.jpg\" data-bg=\"p:center top;\" data-panzoom=\"d:9000;ss:100;se:100;\" data-no-retina>\n<!---->\t\t\t\t\t\t<\/rs-slide>\n\t\t\t\t\t\t<rs-slide style=\"position: absolute;\" data-key=\"rs-33\" data-title=\"Slide\" data-filter=\"e:late2;b:4;\" data-in=\"prst:rndany;o:0;sx:1.02;sy:1.02;e:power1.in;\">\n\t\t\t\t\t\t\t<img decoding=\"async\" src=\"\/\/aliagaabogados.com\/wp-content\/plugins\/revslider\/public\/assets\/assets\/dummy.png\" alt=\"\" title=\"Filosof\u00eda\" class=\"rev-slidebg tp-rs-img rs-lazyload\" data-lazyload=\"\/\/aliagaabogados.com\/wp-content\/uploads\/2015\/10\/IMG_1795.jpg\" data-bg=\"p:center top;\" data-panzoom=\"d:9000;ss:100;se:100;\" data-no-retina>\n<!---->\t\t\t\t\t\t<\/rs-slide>\n\t\t\t\t\t\t<rs-slide style=\"position: absolute;\" data-key=\"rs-31\" data-title=\"Slide\" data-anim=\"d:80;ms:1000;f:center;\" data-filter=\"e:late2;b:3;\" data-in=\"prst:rndany;o:0;x:cyc(-100%|0|100%);sx:cyc(1|0|1);sy:cyc(1|0|1);row:3;col:3;\">\n\t\t\t\t\t\t\t<img decoding=\"async\" src=\"\/\/aliagaabogados.com\/wp-content\/plugins\/revslider\/public\/assets\/assets\/dummy.png\" alt=\"\" title=\"Filosof\u00eda\" class=\"rev-slidebg tp-rs-img rs-lazyload\" data-lazyload=\"\/\/aliagaabogados.com\/wp-content\/uploads\/2015\/10\/IMG_1780.jpg\" data-bg=\"p:center top;\" data-panzoom=\"d:9000;ss:100;se:100;\" data-no-retina>\n<!---->\t\t\t\t\t\t<\/rs-slide>\n\t\t\t\t\t\t<rs-slide style=\"position: absolute;\" data-key=\"rs-30\" data-title=\"Slide\" data-anim=\"ms:2000;\" data-in=\"prst:rndany;o:0;\" data-out=\"a:false;\" data-d3=\"f:fly;z:400;e:power2.out;su:true;\">\n\t\t\t\t\t\t\t<img decoding=\"async\" src=\"\/\/aliagaabogados.com\/wp-content\/plugins\/revslider\/public\/assets\/assets\/dummy.png\" alt=\"\" title=\"Filosof\u00eda\" class=\"rev-slidebg tp-rs-img rs-lazyload\" data-lazyload=\"\/\/aliagaabogados.com\/wp-content\/uploads\/2015\/10\/IMG_1774.jpg\" data-bg=\"p:center top;\" data-panzoom=\"d:9000;ss:100;se:100;\" data-no-retina>\n<!---->\t\t\t\t\t\t<\/rs-slide>\n\t\t\t\t\t<\/rs-slides>\n\t\t\t\t<\/rs-module>\n\t\t\t\t<script>\n\t\t\t\t\tsetREVStartSize({c: 'rev_slider_3_1',rl:[1240,1024,778,480],el:[300],gw:[600],gh:[300],type:'standard',justify:'',layout:'fullwidth',mh:\"300\"});if (window.RS_MODULES!==undefined && window.RS_MODULES.modules!==undefined && window.RS_MODULES.modules[\"revslider31\"]!==undefined) {window.RS_MODULES.modules[\"revslider31\"].once = false;window.revapi3 = undefined;if (window.RS_MODULES.checkMinimal!==undefined) window.RS_MODULES.checkMinimal()}\n\t\t\t\t<\/script>\n\t\t\t<\/rs-module-wrap>\n\t\t\t<!-- END REVOLUTION SLIDER -->\n<\/div><div class=\"fusion-clearfix\"><\/div><\/div><\/div><div class=\"fusion-layout-column fusion_builder_column fusion-builder-column-1 fusion_builder_column_1_2 1_2 fusion-one-half fusion-column-last\" style=\"width:48%;margin-top:0px;margin-bottom:20px;\"><div class=\"fusion-column-wrapper fusion-flex-column-wrapper-legacy\" style=\"background-position:left top;background-repeat:no-repeat;-webkit-background-size:cover;-moz-background-size:cover;-o-background-size:cover;background-size:cover;padding: 0px 0px 0px 0px;\"><div class=\"fusion-text fusion-text-1\"><p>El Grupo <span style=\"color: #b7182c;\"><strong>ALIAGA ABOGADOS<\/strong><\/span> est\u00e1 formado por un equipo jur\u00eddico que presta servicios de forma personalizada al cliente, que permite identificarse con el problema planteado e integrarse en su entorno, consiguiendo los mejores resultados, en defensa de sus intereses. Nuestra organizaci\u00f3n comprende una atenci\u00f3n personalizada al cliente, que nos permite formar una parte integrante del mismo.<\/p>\n<p>El Despacho <span style=\"color: #b7182c;\"><strong>ALIAGA ABOGADOS<\/strong><\/span> cuenta con un equipo humano de m\u00e1s de doce profesionales con gran experiencia, pues se cre\u00f3 hace m\u00e1s de medio siglo, habi\u00e9ndose incorporado progresivamente savia joven, uniendo experiencia y entusiasmo, estando dotado en la actualidad con las m\u00e1s modernas tecnolog\u00edas que le prestan agilidad y dinamismo al trabajo y al trato con el cliente, y que se suman al rigor y la eficacia.<\/p>\n<\/div><div class=\"fusion-clearfix\"><\/div><\/div><\/div><div class=\"fusion-layout-column fusion_builder_column fusion-builder-column-2 fusion_builder_column_1_1 1_1 fusion-one-full fusion-column-first fusion-column-last fusion-column-no-min-height\" style=\"margin-top:0px;margin-bottom:0px;\"><div class=\"fusion-column-wrapper fusion-flex-column-wrapper-legacy\" style=\"background-position:left top;background-repeat:no-repeat;-webkit-background-size:cover;-moz-background-size:cover;-o-background-size:cover;background-size:cover;padding: 0px 0px 0px 0px;\"><div class=\"fusion-text fusion-text-2\"><p>El Estudio Jur\u00eddico <span style=\"color: #b7182c;\"><strong>ALIAGA ABOGADOS<\/strong><\/span> ha establecido una Consultor\u00eda, para el asesoramiento e intervenci\u00f3n legal en cualquier actuaci\u00f3n jur\u00eddica que lo requiera.<\/p>\n<p>La Organizaci\u00f3n <span style=\"color: #b7182c;\"><strong>ALIAGA ABOGADOS<\/strong><\/span> adem\u00e1s, somos expertos en la intervenci\u00f3n procesal y contenciosa, compareciendo ante las distintas Jurisdicciones y Tribunales de todo el panorama nacional para la defensa de los asuntos sometidos.<\/p>\n<p>Adem\u00e1s, <span style=\"color: #b7182c;\"><strong>ALIAGA ABOGADOS<\/strong><\/span>, ha apostado por la Mediaci\u00f3n como m\u00e9todo de resoluci\u00f3n de conflictos extrajudiciales presente en todas las materias del Derecho, formando a sus profesionales en esta disciplina.<\/p>\n<p><span style=\"color: #b7182c;\"><strong>ALIAGA ABOGADOS<\/strong><\/span> a trav\u00e9s de sus alianzas, le ofrece sus servicios en todo el territorio nacional, y en pa\u00edses como Italia, Francia, Portugal y Brasil.<\/p>\n<\/div><div class=\"fusion-clearfix\"><\/div><\/div><\/div><\/div><\/div>\n","protected":false},"excerpt":{"rendered":"","protected":false},"author":1,"featured_media":0,"parent":0,"menu_order":0,"comment_status":"open","ping_status":"open","template":"","meta":{"footnotes":""},"class_list":["post-720","page","type-page","status-publish","hentry"],"_links":{"self":[{"href":"https:\/\/aliagaabogados.com\/en\/wp-json\/wp\/v2\/pages\/720","targetHints":{"allow":["GET"]}}],"collection":[{"href":"https:\/\/aliagaabogados.com\/en\/wp-json\/wp\/v2\/pages"}],"about":[{"href":"https:\/\/aliagaabogados.com\/en\/wp-json\/wp\/v2\/types\/page"}],"author":[{"embeddable":true,"href":"https:\/\/aliagaabogados.com\/en\/wp-json\/wp\/v2\/users\/1"}],"replies":[{"embeddable":true,"href":"https:\/\/aliagaabogados.com\/en\/wp-json\/wp\/v2\/comments?post=720"}],"version-history":[{"count":8,"href":"https:\/\/aliagaabogados.com\/en\/wp-json\/wp\/v2\/pages\/720\/revisions"}],"predecessor-version":[{"id":136743,"href":"https:\/\/aliagaabogados.com\/en\/wp-json\/wp\/v2\/pages\/720\/revisions\/136743"}],"wp:attachment":[{"href":"https:\/\/aliagaabogados.com\/en\/wp-json\/wp\/v2\/media?parent=720"}],"curies":[{"name":"wp","href":"https:\/\/api.w.org\/{rel}","templated":true}]}}