{"id":725,"date":"2015-11-03T16:34:37","date_gmt":"2015-11-03T16:34:37","guid":{"rendered":"http:\/\/aliagaabogados.com\/?page_id=725&#038;lang=en"},"modified":"2021-05-20T06:59:41","modified_gmt":"2021-05-20T06:59:41","slug":"cases","status":"publish","type":"page","link":"https:\/\/aliagaabogados.com\/en\/cases\/","title":{"rendered":"Cases"},"content":{"rendered":"<div class=\"fusion-fullwidth fullwidth-box fusion-builder-row-1 nonhundred-percent-fullwidth non-hundred-percent-height-scrolling\" style=\"background-color: #ffffff;background-position: left top;background-repeat: no-repeat;padding-top:20px;padding-right:30px;padding-bottom:15px;padding-left:30px;margin-bottom: 0px;margin-top: 0px;border-width: 0px 0px 0px 0px;border-color:#eae9e9;border-style:solid;\" ><div class=\"fusion-builder-row fusion-row\"><div class=\"fusion-layout-column fusion_builder_column fusion-builder-column-0 fusion_builder_column_1_1 1_1 fusion-one-full fusion-column-first fusion-column-last fusion-column-no-min-height\" style=\"margin-top:0px;margin-bottom:0px;\"><div class=\"fusion-column-wrapper fusion-flex-column-wrapper-legacy\" style=\"background-position:left top;background-repeat:no-repeat;-webkit-background-size:cover;-moz-background-size:cover;-o-background-size:cover;background-size:cover;padding: 0px 0px 0px 0px;\"><div class=\"fusion-recent-posts fusion-recent-posts-1 avada-container layout-thumbnails-on-side layout-columns-1\"><section class=\"fusion-columns columns fusion-columns-1 columns-1\"><article class=\"post fusion-column column col col-lg-12 col-md-12 col-sm-12\"><div class=\"fusion-flexslider fusion-flexslider-loading flexslider floated-slideshow flexslider-hover-type-none\"><ul class=\"slides\"><li><a href=\"https:\/\/aliagaabogados.com\/en\/noticias-juridicas-newsletter-189\/\" aria-label=\"NOTICIAS JUR\u00cdDICAS &#8211; NEWSLETTER 189\" class=\"hover-type-none\"><img decoding=\"async\" width=\"177\" height=\"142\" src=\"https:\/\/aliagaabogados.com\/wp-content\/uploads\/2015\/11\/Bancario01-177x142.jpg\" class=\"attachment-portfolio-five size-portfolio-five\" alt=\"\" srcset=\"https:\/\/aliagaabogados.com\/wp-content\/uploads\/2015\/11\/Bancario01-147x118.jpg 147w, https:\/\/aliagaabogados.com\/wp-content\/uploads\/2015\/11\/Bancario01-177x142.jpg 177w\" sizes=\"(max-width: 177px) 100vw, 177px\" \/><\/a><\/li><\/ul><\/div><div class=\"recent-posts-content\"><span class=\"vcard\" style=\"display: none;\"><span class=\"fn\"><a href=\"https:\/\/aliagaabogados.com\/en\/zndwauthor\/aliagaabogados\/\" title=\"Posts by aliagaabogados\" rel=\"author\">aliagaabogados<\/a><\/span><\/span><span class=\"updated\" style=\"display:none;\">2018-03-27T10:46:50+00:00<\/span><h4 class=\"entry-title\"><a href=\"https:\/\/aliagaabogados.com\/en\/noticias-juridicas-newsletter-189\/\">NOTICIAS JUR\u00cdDICAS &#8211; NEWSLETTER 189<\/a><\/h4><p class=\"meta\"><span class=\"vcard\" style=\"display: none;\"><span class=\"fn\"><a href=\"https:\/\/aliagaabogados.com\/en\/zndwauthor\/aliagaabogados\/\" title=\"Posts by aliagaabogados\" rel=\"author\">aliagaabogados<\/a><\/span><\/span><span class=\"updated\" style=\"display:none;\">2018-03-27T10:46:50+00:00<\/span><span>March 27th, 2018<\/span><span class=\"fusion-inline-sep\">|<\/span><span class=\"fusion-comments\"><span>Comments Off<span class=\"screen-reader-text\"> on NOTICIAS JUR\u00cdDICAS &#8211; NEWSLETTER 189<\/span><\/span><\/span><\/p><p>La Audiencia Provincial de Valencia ha confirmado una Sentencia dictada por un Juzgado de Primera Instancia que desestimaba la demanda formulada por el Banco Santander ejecutando unos pagar\u00e9s librados con la cl\u00e1usula \u201cno a la orden\u201d.<\/p>\n<p>Un empresario libr\u00f3 sendos pagar\u00e9s a favor de otro empresario en pago de mercanc\u00edas. Este \u00faltimo, con el objeto de financiarse descont\u00f3 los pagar\u00e9s en el Banco Santander.<\/p>\n<p>Finalmente, los pagar\u00e9s no se atendieron por el deudor principal que los libr\u00f3, y el Banco Santander lo demand\u00f3 judicialmente.<\/p>\n<p>Habida cuenta del incumplimiento contractual entre los empresarios, ya que el que recibi\u00f3 los [\u2026]<\/p>\n<\/div><\/article><\/section><\/div><div class=\"fusion-sep-clear\"><\/div><div class=\"fusion-separator fusion-full-width-sep\" style=\"margin-left: auto;margin-right: auto;margin-bottom:-68px;width:100%;\"><\/div><div class=\"fusion-sep-clear\"><\/div><div class=\"fusion-clearfix\"><\/div><\/div><\/div><\/div><\/div>\n","protected":false},"excerpt":{"rendered":"","protected":false},"author":1,"featured_media":0,"parent":0,"menu_order":0,"comment_status":"open","ping_status":"open","template":"","meta":{"footnotes":""},"class_list":["post-725","page","type-page","status-publish","hentry"],"_links":{"self":[{"href":"https:\/\/aliagaabogados.com\/en\/wp-json\/wp\/v2\/pages\/725","targetHints":{"allow":["GET"]}}],"collection":[{"href":"https:\/\/aliagaabogados.com\/en\/wp-json\/wp\/v2\/pages"}],"about":[{"href":"https:\/\/aliagaabogados.com\/en\/wp-json\/wp\/v2\/types\/page"}],"author":[{"embeddable":true,"href":"https:\/\/aliagaabogados.com\/en\/wp-json\/wp\/v2\/users\/1"}],"replies":[{"embeddable":true,"href":"https:\/\/aliagaabogados.com\/en\/wp-json\/wp\/v2\/comments?post=725"}],"version-history":[{"count":2,"href":"https:\/\/aliagaabogados.com\/en\/wp-json\/wp\/v2\/pages\/725\/revisions"}],"predecessor-version":[{"id":136662,"href":"https:\/\/aliagaabogados.com\/en\/wp-json\/wp\/v2\/pages\/725\/revisions\/136662"}],"wp:attachment":[{"href":"https:\/\/aliagaabogados.com\/en\/wp-json\/wp\/v2\/media?parent=725"}],"curies":[{"name":"wp","href":"https:\/\/api.w.org\/{rel}","templated":true}]}}